{"id":6,"date":"2020-12-09T08:32:10","date_gmt":"2020-12-09T08:32:10","guid":{"rendered":"https:\/\/www.hellerup-vinduespudser.dk\/?page_id=6"},"modified":"2020-12-11T12:02:07","modified_gmt":"2020-12-11T12:02:07","slug":"vinduespolering-i-hellerup-vi-kommer-naar-det-passer-dig","status":"publish","type":"page","link":"https:\/\/www.hellerup-vinduespudser.dk\/","title":{"rendered":"Home"},"content":{"rendered":"<h2><b>MEMPOLERING V\u00c6RNER OM ET AF STORK\u00d8BENHAVNS TYNGDEPUNKTER NEMLIG HELLERUP<\/b><\/h2>\n<p>&nbsp;<\/p>\n<p>MEMpolering kan kalde sig Hellerups foretrukne vinduespudser, og det kan vi med den allerst\u00f8rste forn\u00f8jelse. En af \u00e5rsagerne til denne titel er garanteret, er, at en vinduespudser hos MEMpolering har en bevidsthed om, at Hellerup er en by, som er kendetegnet ved, at liges\u00e5 stor som byens historie her, liges\u00e5 stor er byens evne til at udvikle sig. Hellerup er et tyngdepunkt i Stork\u00f8benhavn, og du fortjener, at n\u00e5r du v\u00e5gner om morgenen og str\u00e6kker dig, for derefter at kigge ud af vinduet, kan du se din by klart. Hvis ikke det er tilf\u00e6ldet nu, rykker en vinduespudser hellere end gerne ud og giver dine\u00a0vinduer et klarsyn.<\/p>\n<p>&nbsp;<\/p>\n<p><b>MEMPOLERING UDVIKLER SIG LIGES\u00c5 HURTIGT, SOM HELLERUP G\u00d8R<\/b><\/p>\n<p>Hellerup er en by, som hele tiden udvikler sig. Hos MEMpolering yder vi en stor indsats for at f\u00f8lge med den udvikling, og vi er af den opfattelse, at vi lykkes ret godt med den. Hellerup rummer aller typer boliger, og derfor er vores verdensf\u00f8rende teknologi: 1 til en billion vand. Men hvad betyder 1 til en billion vand? Der er teknisk forklaring p\u00e5, hvad 1 til en billion vand g\u00f8r for din vinduespudsning i Hellerup. Den kan du l\u00e6se mere om her (inds\u00e6t link til erhvervsside). I praksis g\u00f8r 1 til en billion vand, at vi kan tilbyde den bedste og hurtigste vinduespudsning af store glaspartier, erhvervsejendomme og til pudsning af dine solceller. 1 til en billion vand skal ikke bruges p\u00e5 alle typer boliger og bygninger. Om det skal bruges til din, beh\u00f8ver du ikke at t\u00e6nke p\u00e5. Det informerer vi dig om, n\u00e5r du booker din vinduespudsning i Hellerup.<\/p>\n<p>Vi f\u00f8lger ikke kun med teknologien, n\u00e5r det kommer til at optimere vores vinduespolering. Vi f\u00f8lger ogs\u00e5 med teknologien, n\u00e5r det kommer til at levere den bedste service til dig. Vi har udviklet en app: \u201dMEMpolering\u201d du kan downloade den <a href=\"https:\/\/www.mempolering.dk\/app.html\">her.<\/a> Vores app er vores m\u00e5de at s\u00f8rge for, at du altid kan skrive direkte med din vinduespudser eller med en af vores administrative medarbejdere, hvis du har behov for det. Derudover er vores app det eneste sted, hvor du har mulighed for at afbestille eller ombooke din vinduespudsning helt indtil 24 timer f\u00f8r, den skal udf\u00f8res.<\/p>\n<p>Ved at downlade vores app har du alt, der omhandler din vinduespudsning, samlet p\u00e5 et sted. Vi kan gl\u00e6de dig med, at den stort set ikke optager noget plads p\u00e5 din telefon.<span class=\"Apple-converted-space\">\u00a0<\/span><\/p>\n<p>Vi ved at hverdagen et travl for mange. Derfor f\u00f8lger der med app&#8217;en et tilbud om at f\u00e5 en notifikation, n\u00e5r dine vinduer tr\u00e6nger til at blive pudset igen.<\/p>\n<p>&nbsp;<\/p>\n<p><b>ENHVER KUNDE ER NOGET S\u00c6RLIGT. DET SAMME ER DE FORDELE, VI GIVER TIL VORES KUNDER.<span class=\"Apple-converted-space\">\u00a0<\/span><\/b><\/p>\n<p>P\u00e5 Trustpilot har mere end 4.000 mennesker tilkendegivet deres mening om deres oplevelse med vores vinduespudsning. De har gjort det p\u00e5 en m\u00e5de, som har f\u00f8rt til, at vi siden 2010 er blevet k\u00e5ret til Danmarks bedste vinduespudser hvert evig eneste \u00e5r. Ligesom vores kunder har givet udtryk for, at vi er noget s\u00e6rligt, vil vi gerne illustrere, at hver enkelt kunde er noget s\u00e6rligt for os. Derfor har vi nogle s\u00e6rlige fordele til alle vores kunder. Vi har tre forskellige rabatordninger: Stempel rabat, gr\u00f8n rabat og fleksibel rabat.<\/p>\n<p>Vores stempel rabat p\u00e5 samme m\u00e5de, som et stempelkort p\u00e5 en masse cafeer g\u00f8r. N\u00e5r du har ti stempler, modtager du en gratis vinduespudsning i Hellerup. Du modtager et stempel, hver gang du f\u00e5r udf\u00f8rt en vinduespudsning. Men der er noget s\u00e6rligt ved ordningen. Det s\u00e6rlige hedder: &#8220;Anbefal en ven.&#8221; Anbefal en ven fungerer s\u00e5dan, at du anbefaler e-mailen p\u00e5 en ven i din omgangskreds\u00a0at f\u00e5 udf\u00f8rt sin vinduespudsning af MEMpolering. Hvis den p\u00e5g\u00e6ldende person bliver kunde hos os, s\u00e5 f\u00e5r i begge to et gratis stempel, og kommer dermed et skridt n\u00e6rmere p\u00e5 en gratis vinduespudsning.<span class=\"Apple-converted-space\">\u00a0 <\/span>Jo flere du kender med beskidte vinduer, jo n\u00e6rmere er du p\u00e5 en gratis vinduespudsning.<\/p>\n<p>Vores anden rabat er vores gr\u00f8nne rabat, og det er en rabatordning, hvor du sparer penge, hver gang du tr\u00e6ffer et milj\u00f8venligt valg. I praksis fungerer ordningen ved, at n\u00e5r du g\u00e5r ind for at bestille en vinduespudsning i Hellerup, vil du opleve, af nogle af tiderne er gr\u00f8nne. En gr\u00f8n tid betyder, at du sparer 25 kroner, hvis du v\u00e6lger denne tid, fordi vi p\u00e5 dette tidspunkt allerede har en vinduespudser i n\u00e6rheden af din adresse. Hos MEMpolering betaler det sig at v\u00e6re god ved klimaet. Derudover k\u00f8rer vores benzinvenlige biler 28,6 p\u00e5 literen og vi anvender kun svanem\u00e6rkede produkter. Hvis du \u00f8nsker at vi rykker ud til dig, s\u00e5 skal du klikke dine vinduer og \u00f8jeblikkeligt ser du dit uforpligtende tilbud. S\u00e5 udfylder du kontaktformularen og booker den tid, der er belejlig for dig.<span class=\"Apple-converted-space\">\u00a0<\/span><\/p>\n<p>Vores tredje rabatordning er vores fleksibel rabat, hvor du kan spare op til 30 kroner pr. vinduespudsning, hvis du har mulighed for at v\u00e6re fleksibel i forhold til, hvorn\u00e5r vores vinduespudser kommer. Du kan v\u00e6lge + \/ &#8211; 60 minutters fleksibilitet. Hvis du v\u00e6lger 60 minutters fleksibilitet, betyder det, at hvis du har booket en vinduespudser til klokken 15.00, kommer han mellem klokken 14.00 og kokken 16.00. Jo mere fleksibel du er, jo flere penge sparer du.<\/p>\n<p>N\u00e5r MEMpolering har en vinduespudser i Hellerup, kommer han altid og tilbyder dig den billigste pris p\u00e5 din vinduespudsning. Med vores rabatordninger kan vi oprigtigt sige, at det ikke kan g\u00f8res billigere.<\/p>\n<p>&nbsp;<\/p>\n<p><b>LIGES\u00c5 VEL SOM VI V\u00c6RNER OM HELLERUP, V\u00c6RNER VI OM VORES KUNDER<\/b><\/p>\n<p>At kunne kalde sig Hellerups foretrukne vinduespudser forpligter. Derfor er det essentielt for os, at du f\u00e5r den bedste oplevelse, n\u00e5r du f\u00e5r en vinduespudsning af MEMpolering. Hver enkelt vinduespudser i Hellerup har en serviceorienteret tilgang til hver enkelt vinduespudsning, netop for at bes\u00f8get bliver en forn\u00f8jelse for dig. For os er service dog mere end det fysiske m\u00f8de mellem dig og vores vinduespudser. Uanset hvor mange vinduespudsninger vi har i Hellerup p\u00e5 en dag, holdes energien h\u00f8jt hele dagen, da vi mellem hver stop gerne\u00a0griber en is med fra Lydolph is-hus p\u00e5 Strandvejen, eller en god italiensk sandwich fra Camillo.<\/p>\n<p>Vinduer er bygningens \u00f8jne og \u00f8jne skal helst gerne ses klart. Hvis dine vinduer ikke er klare, sl\u00e5r vores vinduespudser gerne vejen forbi dig og s\u00f8rger for at du f\u00e5r de klareste vinduer i Hellerup, hvad end du har en villa, butik, kontor eller noget helt fjerde.<\/p>\n<p>Herfra er der kun tilbage at sige: &#8220;<i>Vi ser frem til at m\u00f8de dig.&#8221;<\/i><\/p>\n","protected":false},"excerpt":{"rendered":"<p>MEMPOLERING V\u00c6RNER OM ET AF STORK\u00d8BENHAVNS TYNGDEPUNKTER NEMLIG HELLERUP &nbsp; MEMpolering kan kalde sig Hellerups foretrukne vinduespudser, og det kan vi med den allerst\u00f8rste forn\u00f8jelse. En af \u00e5rsagerne til denne titel er garanteret, er, at en vinduespudser hos MEMpolering har en bevidsthed om, at Hellerup er en by, som er kendetegnet ved, at liges\u00e5 stor [&hellip;]<\/p>\n","protected":false},"author":1,"featured_media":0,"parent":0,"menu_order":0,"comment_status":"closed","ping_status":"open","template":"","meta":[],"yoast_head":"<!-- This site is optimized with the Yoast SEO plugin v15.4 - https:\/\/yoast.com\/wordpress\/plugins\/seo\/ -->\n<title>Vinduespudser Hellerup - F\u00e5 pris og tid med det samme her -&gt;<\/title>\n<meta name=\"description\" content=\"Vinduespudser i Hellerup - Klik din pris med det samme her og v\u00e6lg din tid i vores online-kalender, Vi har kvalitetsgaranti og billige priser.\" \/>\n<meta name=\"robots\" content=\"index, follow, max-snippet:-1, max-image-preview:large, max-video-preview:-1\" \/>\n<link rel=\"canonical\" href=\"https:\/\/www.hellerup-vinduespudser.dk\/\" \/>\n<meta property=\"og:locale\" content=\"da_DK\" \/>\n<meta property=\"og:type\" content=\"article\" \/>\n<meta property=\"og:title\" content=\"Vinduespudser Hellerup - F\u00e5 pris og tid med det samme her -&gt;\" \/>\n<meta property=\"og:description\" content=\"Vinduespudser i Hellerup - Klik din pris med det samme her og v\u00e6lg din tid i vores online-kalender, Vi har kvalitetsgaranti og billige priser.\" \/>\n<meta property=\"og:url\" content=\"https:\/\/www.hellerup-vinduespudser.dk\/\" \/>\n<meta property=\"og:site_name\" content=\"Vinduespudser Hellerup\" \/>\n<meta property=\"article:modified_time\" content=\"2020-12-11T12:02:07+00:00\" \/>\n<meta name=\"twitter:card\" content=\"summary_large_image\" \/>\n<meta name=\"twitter:label1\" content=\"Written by\">\n\t<meta name=\"twitter:data1\" content=\"admin\">\n\t<meta name=\"twitter:label2\" content=\"Est. reading time\">\n\t<meta name=\"twitter:data2\" content=\"5 minutter\">\n<script type=\"application\/ld+json\" class=\"yoast-schema-graph\">{\"@context\":\"https:\/\/schema.org\",\"@graph\":[{\"@type\":\"WebSite\",\"@id\":\"https:\/\/www.hellerup-vinduespudser.dk\/#website\",\"url\":\"https:\/\/www.hellerup-vinduespudser.dk\/\",\"name\":\"Vinduespudser Hellerup\",\"description\":\"\",\"potentialAction\":[{\"@type\":\"SearchAction\",\"target\":\"https:\/\/www.hellerup-vinduespudser.dk\/?s={search_term_string}\",\"query-input\":\"required name=search_term_string\"}],\"inLanguage\":\"da-DK\"},{\"@type\":\"WebPage\",\"@id\":\"https:\/\/www.hellerup-vinduespudser.dk\/#webpage\",\"url\":\"https:\/\/www.hellerup-vinduespudser.dk\/\",\"name\":\"Vinduespudser Hellerup - F\\u00e5 pris og tid med det samme her ->\",\"isPartOf\":{\"@id\":\"https:\/\/www.hellerup-vinduespudser.dk\/#website\"},\"datePublished\":\"2020-12-09T08:32:10+00:00\",\"dateModified\":\"2020-12-11T12:02:07+00:00\",\"description\":\"Vinduespudser i Hellerup - Klik din pris med det samme her og v\\u00e6lg din tid i vores online-kalender, Vi har kvalitetsgaranti og billige priser.\",\"inLanguage\":\"da-DK\",\"potentialAction\":[{\"@type\":\"ReadAction\",\"target\":[\"https:\/\/www.hellerup-vinduespudser.dk\/\"]}]}]}<\/script>\n<!-- \/ Yoast SEO plugin. -->","_links":{"self":[{"href":"https:\/\/www.hellerup-vinduespudser.dk\/index.php?rest_route=\/wp\/v2\/pages\/6"}],"collection":[{"href":"https:\/\/www.hellerup-vinduespudser.dk\/index.php?rest_route=\/wp\/v2\/pages"}],"about":[{"href":"https:\/\/www.hellerup-vinduespudser.dk\/index.php?rest_route=\/wp\/v2\/types\/page"}],"author":[{"embeddable":true,"href":"https:\/\/www.hellerup-vinduespudser.dk\/index.php?rest_route=\/wp\/v2\/users\/1"}],"replies":[{"embeddable":true,"href":"https:\/\/www.hellerup-vinduespudser.dk\/index.php?rest_route=%2Fwp%2Fv2%2Fcomments&post=6"}],"version-history":[{"count":30,"href":"https:\/\/www.hellerup-vinduespudser.dk\/index.php?rest_route=\/wp\/v2\/pages\/6\/revisions"}],"predecessor-version":[{"id":65,"href":"https:\/\/www.hellerup-vinduespudser.dk\/index.php?rest_route=\/wp\/v2\/pages\/6\/revisions\/65"}],"wp:attachment":[{"href":"https:\/\/www.hellerup-vinduespudser.dk\/index.php?rest_route=%2Fwp%2Fv2%2Fmedia&parent=6"}],"curies":[{"name":"wp","href":"https:\/\/api.w.org\/{rel}","templated":true}]}}